{"id":18898,"date":"2022-12-09T18:14:43","date_gmt":"2022-12-09T16:14:43","guid":{"rendered":"https:\/\/eeny.ee\/shop\/nahast-seelik-seotava-vooga\/"},"modified":"2022-12-09T18:28:50","modified_gmt":"2022-12-09T16:28:50","slug":"nahast-seelik-seotava-vooga","status":"publish","type":"product","link":"https:\/\/eeny.ee\/en\/shop\/nahast-seelik-seotava-vooga\/","title":{"rendered":"Nahast seelik seotava v\u00f6\u00f6ga"},"content":{"rendered":"<ul>\n<li>V\u00f6\u00f6koht t\u00f6\u00f6deldud kummiga<\/li>\n<li>Fotol Modell on pikk 180 kannab EU suurust 34<\/li>\n<li>Materjal: pol\u00fcester 95% ja elastaan 5%<\/li>\n<li>Pesu: masinpestav<\/li>\n<\/ul>\n","protected":false},"excerpt":{"rendered":"<p>V\u00f6\u00f6koht t\u00f6\u00f6deldud kummiga Fotol Modell on pikk 180 kannab EU suurust 34 Materjal: pol\u00fcester 95% ja elastaan 5% Pesu: masinpestav<\/p>\n","protected":false},"featured_media":18893,"template":"","meta":[],"product_cat":[],"product_tag":[],"class_list":{"0":"post-18898","1":"product","2":"type-product","3":"status-publish","4":"has-post-thumbnail","7":"first","8":"instock","9":"purchasable","10":"product-type-variable"},"yoast_head":"<!-- This site is optimized with the Yoast SEO plugin v23.2 - https:\/\/yoast.com\/wordpress\/plugins\/seo\/ -->\n<title>Nahast seelik seotava v\u00f6\u00f6ga - Eeny BOUTIQUE<\/title>\n<meta name=\"description\" content=\"taskutega p\u00fcksid\" \/>\n<meta name=\"robots\" content=\"index, follow, max-snippet:-1, max-image-preview:large, max-video-preview:-1\" \/>\n<link rel=\"canonical\" href=\"https:\/\/eeny.ee\/en\/shop\/nahast-seelik-seotava-vooga\/\" \/>\n<meta property=\"og:locale\" content=\"en_US\" \/>\n<meta property=\"og:type\" content=\"article\" \/>\n<meta property=\"og:title\" content=\"Nahast seelik seotava v\u00f6\u00f6ga - Eeny BOUTIQUE\" \/>\n<meta property=\"og:description\" content=\"taskutega p\u00fcksid\" \/>\n<meta property=\"og:url\" content=\"https:\/\/eeny.ee\/en\/shop\/nahast-seelik-seotava-vooga\/\" \/>\n<meta property=\"og:site_name\" content=\"Eeny BOUTIQUE\" \/>\n<meta property=\"article:publisher\" content=\"https:\/\/www.facebook.com\/Intershop.ee\" \/>\n<meta property=\"article:modified_time\" content=\"2022-12-09T16:28:50+00:00\" \/>\n<meta property=\"og:image\" content=\"https:\/\/eeny.ee\/wp-content\/uploads\/2022\/12\/6084-5_0.jpg\" \/>\n\t<meta property=\"og:image:width\" content=\"1000\" \/>\n\t<meta property=\"og:image:height\" content=\"1219\" \/>\n\t<meta property=\"og:image:type\" content=\"image\/jpeg\" \/>\n<meta name=\"twitter:card\" content=\"summary_large_image\" \/>\n<meta name=\"twitter:label1\" content=\"Est. reading time\" \/>\n\t<meta name=\"twitter:data1\" content=\"1 minute\" \/>\n<script type=\"application\/ld+json\" class=\"yoast-schema-graph\">{\"@context\":\"https:\/\/schema.org\",\"@graph\":[{\"@type\":\"WebPage\",\"@id\":\"https:\/\/eeny.ee\/en\/shop\/nahast-seelik-seotava-vooga\/\",\"url\":\"https:\/\/eeny.ee\/en\/shop\/nahast-seelik-seotava-vooga\/\",\"name\":\"Nahast seelik seotava v\u00f6\u00f6ga - Eeny BOUTIQUE\",\"isPartOf\":{\"@id\":\"https:\/\/eeny.ee\/en\/#website\"},\"primaryImageOfPage\":{\"@id\":\"https:\/\/eeny.ee\/en\/shop\/nahast-seelik-seotava-vooga\/#primaryimage\"},\"image\":{\"@id\":\"https:\/\/eeny.ee\/en\/shop\/nahast-seelik-seotava-vooga\/#primaryimage\"},\"thumbnailUrl\":\"https:\/\/eeny.ee\/wp-content\/uploads\/2022\/12\/6084-5_0.jpg\",\"datePublished\":\"2022-12-09T16:14:43+00:00\",\"dateModified\":\"2022-12-09T16:28:50+00:00\",\"description\":\"taskutega p\u00fcksid\",\"breadcrumb\":{\"@id\":\"https:\/\/eeny.ee\/en\/shop\/nahast-seelik-seotava-vooga\/#breadcrumb\"},\"inLanguage\":\"en-US\",\"potentialAction\":[{\"@type\":\"ReadAction\",\"target\":[\"https:\/\/eeny.ee\/en\/shop\/nahast-seelik-seotava-vooga\/\"]}]},{\"@type\":\"ImageObject\",\"inLanguage\":\"en-US\",\"@id\":\"https:\/\/eeny.ee\/en\/shop\/nahast-seelik-seotava-vooga\/#primaryimage\",\"url\":\"https:\/\/eeny.ee\/wp-content\/uploads\/2022\/12\/6084-5_0.jpg\",\"contentUrl\":\"https:\/\/eeny.ee\/wp-content\/uploads\/2022\/12\/6084-5_0.jpg\",\"width\":1000,\"height\":1219},{\"@type\":\"BreadcrumbList\",\"@id\":\"https:\/\/eeny.ee\/en\/shop\/nahast-seelik-seotava-vooga\/#breadcrumb\",\"itemListElement\":[{\"@type\":\"ListItem\",\"position\":1,\"name\":\"Home\",\"item\":\"https:\/\/eeny.ee\/en\/\"},{\"@type\":\"ListItem\",\"position\":2,\"name\":\"Store\",\"item\":\"https:\/\/eeny.ee\/en\/store\/\"},{\"@type\":\"ListItem\",\"position\":3,\"name\":\"Nahast seelik seotava v\u00f6\u00f6ga\"}]},{\"@type\":\"WebSite\",\"@id\":\"https:\/\/eeny.ee\/en\/#website\",\"url\":\"https:\/\/eeny.ee\/en\/\",\"name\":\"Eeny BOUTIQUE\",\"description\":\"Naisteriiete e-pood\",\"publisher\":{\"@id\":\"https:\/\/eeny.ee\/en\/#organization\"},\"potentialAction\":[{\"@type\":\"SearchAction\",\"target\":{\"@type\":\"EntryPoint\",\"urlTemplate\":\"https:\/\/eeny.ee\/en\/?s={search_term_string}\"},\"query-input\":\"required name=search_term_string\"}],\"inLanguage\":\"en-US\"},{\"@type\":\"Organization\",\"@id\":\"https:\/\/eeny.ee\/en\/#organization\",\"name\":\"Eeny BOUTIQUE\",\"url\":\"https:\/\/eeny.ee\/en\/\",\"logo\":{\"@type\":\"ImageObject\",\"inLanguage\":\"en-US\",\"@id\":\"https:\/\/eeny.ee\/en\/#\/schema\/logo\/image\/\",\"url\":\"https:\/\/eeny.ee\/wp-content\/uploads\/2022\/11\/logo-naidis.png\",\"contentUrl\":\"https:\/\/eeny.ee\/wp-content\/uploads\/2022\/11\/logo-naidis.png\",\"width\":678,\"height\":221,\"caption\":\"Eeny BOUTIQUE\"},\"image\":{\"@id\":\"https:\/\/eeny.ee\/en\/#\/schema\/logo\/image\/\"},\"sameAs\":[\"https:\/\/www.facebook.com\/Intershop.ee\"]}]}<\/script>\n<!-- \/ Yoast SEO plugin. -->","yoast_head_json":{"title":"Nahast seelik seotava v\u00f6\u00f6ga - Eeny BOUTIQUE","description":"taskutega p\u00fcksid","robots":{"index":"index","follow":"follow","max-snippet":"max-snippet:-1","max-image-preview":"max-image-preview:large","max-video-preview":"max-video-preview:-1"},"canonical":"https:\/\/eeny.ee\/en\/shop\/nahast-seelik-seotava-vooga\/","og_locale":"en_US","og_type":"article","og_title":"Nahast seelik seotava v\u00f6\u00f6ga - Eeny BOUTIQUE","og_description":"taskutega p\u00fcksid","og_url":"https:\/\/eeny.ee\/en\/shop\/nahast-seelik-seotava-vooga\/","og_site_name":"Eeny BOUTIQUE","article_publisher":"https:\/\/www.facebook.com\/Intershop.ee","article_modified_time":"2022-12-09T16:28:50+00:00","og_image":[{"width":1000,"height":1219,"url":"https:\/\/eeny.ee\/wp-content\/uploads\/2022\/12\/6084-5_0.jpg","type":"image\/jpeg"}],"twitter_card":"summary_large_image","twitter_misc":{"Est. reading time":"1 minute"},"schema":{"@context":"https:\/\/schema.org","@graph":[{"@type":"WebPage","@id":"https:\/\/eeny.ee\/en\/shop\/nahast-seelik-seotava-vooga\/","url":"https:\/\/eeny.ee\/en\/shop\/nahast-seelik-seotava-vooga\/","name":"Nahast seelik seotava v\u00f6\u00f6ga - Eeny BOUTIQUE","isPartOf":{"@id":"https:\/\/eeny.ee\/en\/#website"},"primaryImageOfPage":{"@id":"https:\/\/eeny.ee\/en\/shop\/nahast-seelik-seotava-vooga\/#primaryimage"},"image":{"@id":"https:\/\/eeny.ee\/en\/shop\/nahast-seelik-seotava-vooga\/#primaryimage"},"thumbnailUrl":"https:\/\/eeny.ee\/wp-content\/uploads\/2022\/12\/6084-5_0.jpg","datePublished":"2022-12-09T16:14:43+00:00","dateModified":"2022-12-09T16:28:50+00:00","description":"taskutega p\u00fcksid","breadcrumb":{"@id":"https:\/\/eeny.ee\/en\/shop\/nahast-seelik-seotava-vooga\/#breadcrumb"},"inLanguage":"en-US","potentialAction":[{"@type":"ReadAction","target":["https:\/\/eeny.ee\/en\/shop\/nahast-seelik-seotava-vooga\/"]}]},{"@type":"ImageObject","inLanguage":"en-US","@id":"https:\/\/eeny.ee\/en\/shop\/nahast-seelik-seotava-vooga\/#primaryimage","url":"https:\/\/eeny.ee\/wp-content\/uploads\/2022\/12\/6084-5_0.jpg","contentUrl":"https:\/\/eeny.ee\/wp-content\/uploads\/2022\/12\/6084-5_0.jpg","width":1000,"height":1219},{"@type":"BreadcrumbList","@id":"https:\/\/eeny.ee\/en\/shop\/nahast-seelik-seotava-vooga\/#breadcrumb","itemListElement":[{"@type":"ListItem","position":1,"name":"Home","item":"https:\/\/eeny.ee\/en\/"},{"@type":"ListItem","position":2,"name":"Store","item":"https:\/\/eeny.ee\/en\/store\/"},{"@type":"ListItem","position":3,"name":"Nahast seelik seotava v\u00f6\u00f6ga"}]},{"@type":"WebSite","@id":"https:\/\/eeny.ee\/en\/#website","url":"https:\/\/eeny.ee\/en\/","name":"Eeny BOUTIQUE","description":"Naisteriiete e-pood","publisher":{"@id":"https:\/\/eeny.ee\/en\/#organization"},"potentialAction":[{"@type":"SearchAction","target":{"@type":"EntryPoint","urlTemplate":"https:\/\/eeny.ee\/en\/?s={search_term_string}"},"query-input":"required name=search_term_string"}],"inLanguage":"en-US"},{"@type":"Organization","@id":"https:\/\/eeny.ee\/en\/#organization","name":"Eeny BOUTIQUE","url":"https:\/\/eeny.ee\/en\/","logo":{"@type":"ImageObject","inLanguage":"en-US","@id":"https:\/\/eeny.ee\/en\/#\/schema\/logo\/image\/","url":"https:\/\/eeny.ee\/wp-content\/uploads\/2022\/11\/logo-naidis.png","contentUrl":"https:\/\/eeny.ee\/wp-content\/uploads\/2022\/11\/logo-naidis.png","width":678,"height":221,"caption":"Eeny BOUTIQUE"},"image":{"@id":"https:\/\/eeny.ee\/en\/#\/schema\/logo\/image\/"},"sameAs":["https:\/\/www.facebook.com\/Intershop.ee"]}]}},"_links":{"self":[{"href":"https:\/\/eeny.ee\/en\/wp-json\/wp\/v2\/product\/18898","targetHints":{"allow":["GET"]}}],"collection":[{"href":"https:\/\/eeny.ee\/en\/wp-json\/wp\/v2\/product"}],"about":[{"href":"https:\/\/eeny.ee\/en\/wp-json\/wp\/v2\/types\/product"}],"version-history":[{"count":1,"href":"https:\/\/eeny.ee\/en\/wp-json\/wp\/v2\/product\/18898\/revisions"}],"predecessor-version":[{"id":18899,"href":"https:\/\/eeny.ee\/en\/wp-json\/wp\/v2\/product\/18898\/revisions\/18899"}],"wp:featuredmedia":[{"embeddable":true,"href":"https:\/\/eeny.ee\/en\/wp-json\/wp\/v2\/media\/18893"}],"wp:attachment":[{"href":"https:\/\/eeny.ee\/en\/wp-json\/wp\/v2\/media?parent=18898"}],"wp:term":[{"taxonomy":"product_cat","embeddable":true,"href":"https:\/\/eeny.ee\/en\/wp-json\/wp\/v2\/product_cat?post=18898"},{"taxonomy":"product_tag","embeddable":true,"href":"https:\/\/eeny.ee\/en\/wp-json\/wp\/v2\/product_tag?post=18898"}],"curies":[{"name":"wp","href":"https:\/\/api.w.org\/{rel}","templated":true}]}}